{"id":2573,"date":"2024-12-13T19:28:01","date_gmt":"2024-12-13T18:28:01","guid":{"rendered":"https:\/\/www.shokkobo.com\/?page_id=2573"},"modified":"2024-12-13T19:28:02","modified_gmt":"2024-12-13T18:28:02","slug":"utilisation-des-donnees","status":"publish","type":"page","link":"https:\/\/www.shokkobo.com\/en\/utilisation-des-donnees\/","title":{"rendered":"Utilisation des donn\u00e9es"},"content":{"rendered":"<p>En cliquant sur Envoyer, vous acceptez d\u2019envoyer vos informations \u00e0 Shokkobo qui accepte de les utiliser dans le cadre de l&#8217;acc\u00e8s \u00e0 sa boutique priv\u00e9e.<\/p>","protected":false},"excerpt":{"rendered":"<p>En cliquant sur Envoyer, vous acceptez d\u2019envoyer vos informations \u00e0 Shokkobo qui accepte de les utiliser dans le cadre de l&#8217;acc\u00e8s \u00e0 sa boutique priv\u00e9e.<\/p>","protected":false},"author":1,"featured_media":0,"parent":0,"menu_order":0,"comment_status":"closed","ping_status":"closed","template":"","meta":{"_themeisle_gutenberg_block_has_review":false,"footnotes":""},"class_list":["post-2573","page","type-page","status-publish","hentry","has-single-img"],"_links":{"self":[{"href":"https:\/\/www.shokkobo.com\/en\/wp-json\/wp\/v2\/pages\/2573","targetHints":{"allow":["GET"]}}],"collection":[{"href":"https:\/\/www.shokkobo.com\/en\/wp-json\/wp\/v2\/pages"}],"about":[{"href":"https:\/\/www.shokkobo.com\/en\/wp-json\/wp\/v2\/types\/page"}],"author":[{"embeddable":true,"href":"https:\/\/www.shokkobo.com\/en\/wp-json\/wp\/v2\/users\/1"}],"replies":[{"embeddable":true,"href":"https:\/\/www.shokkobo.com\/en\/wp-json\/wp\/v2\/comments?post=2573"}],"version-history":[{"count":1,"href":"https:\/\/www.shokkobo.com\/en\/wp-json\/wp\/v2\/pages\/2573\/revisions"}],"predecessor-version":[{"id":2574,"href":"https:\/\/www.shokkobo.com\/en\/wp-json\/wp\/v2\/pages\/2573\/revisions\/2574"}],"wp:attachment":[{"href":"https:\/\/www.shokkobo.com\/en\/wp-json\/wp\/v2\/media?parent=2573"}],"curies":[{"name":"wp","href":"https:\/\/api.w.org\/{rel}","templated":true}]}}